{"id":327,"date":"2024-09-12T09:16:49","date_gmt":"2024-09-12T07:16:49","guid":{"rendered":"https:\/\/megatransport.nl\/home\/"},"modified":"2025-01-15T10:11:29","modified_gmt":"2025-01-15T09:11:29","slug":"home","status":"publish","type":"page","link":"https:\/\/megatransport.nl\/de\/","title":{"rendered":"Home"},"content":{"rendered":"\n\n   <!-- pt-[120px] lg:pt-36 -->\n      <!-- Video Desktop -->\n        <!-- Preview Video -->\n        <media-player id=\"previewVideo\"  src=\"https:\/\/vz-b5b77f6d-67e.b-cdn.net\/7a732fb7-52ed-476d-b7a0-1c2582b95dab\/playlist.m3u8\" playsinline autoplay muted loop>\n          <media-provider>\n            <media-poster src=\"https:\/\/vz-b5b77f6d-67e.b-cdn.net\/78562c72-2ce0-4108-bc8e-e657294ec479\/thumbnail_d2fc6531.jpg\" alt=\"\"><\/media-poster>\n          <\/media-provider>\n        <\/media-player>\n        <!-- Full Video -->\n        <media-player id=\"fullVideo\"  src=\"https:\/\/vz-b5b77f6d-67e.b-cdn.net\/07806751-7776-4404-8eda-31c4764ef8a4\/playlist.m3u8\" playsinline autoplay>\n          \n        <\/media-player>\n      <!-- Image Mobile -->\n      <!-- Title -->\n                  <!-- Text + Button -->\n        <a href=\"\/de\/kontakt\/\" target=\"_self\">Kontakt<\/a>\n        <button type=\"button\" onclick=\"playFullVideo();\">Video ansehen<\/button>\n      MEGA TRANSPORT TRANSPORTIERT GERNE IHRE <br \/>\nBESONDERE G\u00dcTER DURCH GANZ EUROPA.\n      <!-- Scrolldown -->\n      <h2><strong>EIN PERS\u00d6NLICHER ANSATZ<\/strong><br \/>\nIN EINER AUSSERGEW\u00d6HNLICHEN WELT<\/h2>\n      <p>MEGA Transport ist spezialisiert auf den Transport von au\u00dfergew\u00f6hnlichen Ladungen, die aufgrund von Gr\u00f6\u00dfe, Gewicht und Masse besondere Kenntnisse und Materialien erfordern.<\/p>\n        <img decoding=\"async\" src=\"https:\/\/megatransport.nl\/wp-content\/uploads\/2024\/09\/Icon-4.svg\" alt=\"\"\/>\n        PROFESSIONELLER &#038;<br \/>\nSCHNELLER SERVICE\n        <img decoding=\"async\" src=\"https:\/\/megatransport.nl\/wp-content\/uploads\/2024\/09\/Icon-1.svg\" alt=\"\"\/>\n        FACHKUNDIGE BERATUNG &#038;<br \/>\nPERS\u00d6NLICHER KONTAKT\n        <img decoding=\"async\" src=\"https:\/\/megatransport.nl\/wp-content\/uploads\/2024\/09\/Icon-2.svg\" alt=\"\"\/>\n        TEAM MIT UMFANGREICHEN<br \/>\nWISSEN UND ERFAHRUNG\n        <img decoding=\"async\" src=\"https:\/\/megatransport.nl\/wp-content\/uploads\/2024\/09\/Icon-3.svg\" alt=\"\"\/>\n        VERF\u00dcGBARKEIT VON<br \/>\nZUVERL\u00c4SSIGE AUSR\u00dcSTUNG\n      <h2>neueste Nachrichten<\/h2>\n        <button type=\"button\"><\/button>\n        <button type=\"button\"><\/button>\n              <a href=\"https:\/\/megatransport.nl\/de\/mega-transport-lanciert-neue-website\/\">\n                  <img decoding=\"async\" src=\"https:\/\/megatransport.nl\/wp-content\/uploads\/2024\/09\/nieuwe-website-1-1024x768.jpg\" alt=\"MEGA Transport lanciert neue Website\"\/>\n                <h3>MEGA Transport lanciert neue Website<\/h3>\n                mehr lesen\n              <\/a>\n              <a href=\"https:\/\/megatransport.nl\/de\/neuer-faymonville-max-210-doppelt-ausziehbarer-megatrailer-im-einsatz\/\">\n                  <img decoding=\"async\" src=\"https:\/\/megatransport.nl\/wp-content\/uploads\/2024\/09\/Nieuwe-Faymonville-MAX-210-1024x576.jpg\" alt=\"Neuer Faymonville MAX 210 doppelt ausziehbarer Megatrailer im Einsatz\"\/>\n                <h3>Neuer Faymonville MAX 210 doppelt ausziehbarer Megatrailer im Einsatz<\/h3>\n                mehr lesen\n              <\/a>\n              <a href=\"https:\/\/megatransport.nl\/de\/werfen-sie-auch-einen-blick-auf-unsere-linkedin-seite-fuer-interessante-transporte\/\">\n                  <img decoding=\"async\" src=\"https:\/\/megatransport.nl\/wp-content\/uploads\/2024\/09\/container1-1024x768.jpg\" alt=\"Werfen Sie auch einen Blick auf unsere Linkedin-Seite f\u00fcr interessante Transporte\"\/>\n                <h3>Werfen Sie auch einen Blick auf unsere Linkedin-Seite f\u00fcr interessante Transporte<\/h3>\n                mehr lesen\n              <\/a>\n              <a href=\"https:\/\/megatransport.nl\/de\/ein-neuer-ausziehbarer-anhaenger\/\">\n                  <img decoding=\"async\" src=\"https:\/\/megatransport.nl\/wp-content\/uploads\/2024\/09\/1636738315563.jpg\" alt=\"Ein neuer ausziehbarer Anh\u00e4nger !\"\/>\n                <h3>Ein neuer ausziehbarer Anh\u00e4nger !<\/h3>\n                mehr lesen\n              <\/a>\n              <a href=\"https:\/\/megatransport.nl\/de\/mega-transport-lanciert-neue-website\/\">\n                  <img decoding=\"async\" src=\"https:\/\/megatransport.nl\/wp-content\/uploads\/2024\/09\/nieuwe-website-1-1024x768.jpg\" alt=\"MEGA Transport lanciert neue Website\"\/>\n                <h3>MEGA Transport lanciert neue Website<\/h3>\n                mehr lesen\n              <\/a>\n              <a href=\"https:\/\/megatransport.nl\/de\/neuer-faymonville-max-210-doppelt-ausziehbarer-megatrailer-im-einsatz\/\">\n                  <img decoding=\"async\" src=\"https:\/\/megatransport.nl\/wp-content\/uploads\/2024\/09\/Nieuwe-Faymonville-MAX-210-1024x576.jpg\" alt=\"Neuer Faymonville MAX 210 doppelt ausziehbarer Megatrailer im Einsatz\"\/>\n                <h3>Neuer Faymonville MAX 210 doppelt ausziehbarer Megatrailer im Einsatz<\/h3>\n                mehr lesen\n              <\/a>\n              <a href=\"https:\/\/megatransport.nl\/de\/werfen-sie-auch-einen-blick-auf-unsere-linkedin-seite-fuer-interessante-transporte\/\">\n                  <img decoding=\"async\" src=\"https:\/\/megatransport.nl\/wp-content\/uploads\/2024\/09\/container1-1024x768.jpg\" alt=\"Werfen Sie auch einen Blick auf unsere Linkedin-Seite f\u00fcr interessante Transporte\"\/>\n                <h3>Werfen Sie auch einen Blick auf unsere Linkedin-Seite f\u00fcr interessante Transporte<\/h3>\n                mehr lesen\n              <\/a>\n              <a href=\"https:\/\/megatransport.nl\/de\/ein-neuer-ausziehbarer-anhaenger\/\">\n                  <img decoding=\"async\" src=\"https:\/\/megatransport.nl\/wp-content\/uploads\/2024\/09\/1636738315563.jpg\" alt=\"Ein neuer ausziehbarer Anh\u00e4nger !\"\/>\n                <h3>Ein neuer ausziehbarer Anh\u00e4nger !<\/h3>\n                mehr lesen\n              <\/a>\n  <!-- Desktop -->\n      <!-- Top row -->\n      <img decoding=\"async\" src=\"https:\/\/megatransport.nl\/wp-content\/uploads\/2024\/09\/1712933537170.jpeg\" alt=\"\"\/>\n      <img decoding=\"async\" src=\"https:\/\/megatransport.nl\/wp-content\/uploads\/2024\/09\/24-0715-MEGA-Transport-35-min-1536x1025.jpg\" alt=\"\"\/>\n      <img decoding=\"async\" src=\"https:\/\/megatransport.nl\/wp-content\/uploads\/2024\/09\/24-0715-MEGA-Transport-59-min-1536x1025.jpg\" alt=\"\"\/>\n      <!-- Middle row -->\n      <img decoding=\"async\" src=\"https:\/\/megatransport.nl\/wp-content\/uploads\/2024\/09\/Afbeelding-28.png\" alt=\"\"\/>\n        \n          <strong>Nat\u00fcrlich<\/strong>\n                      halten \n                      wir \n                      Sondertransport \n                      f\u00fcr \n                      ganz \n                      normal \n                      und \n                      sind \n                      die \n                      Antwort \n                      auf \n                      Ihre \n                      Transportfragen \n                  \n      <img decoding=\"async\" src=\"https:\/\/megatransport.nl\/wp-content\/uploads\/2024\/09\/1709317714440.jpeg\" alt=\"\"\/>\n      <!-- Bottom row -->\n      <img decoding=\"async\" src=\"https:\/\/megatransport.nl\/wp-content\/uploads\/2024\/09\/24-0715-MEGA-Transport-17-min-1536x1025.jpg\" alt=\"\"\/>\n      <img decoding=\"async\" src=\"https:\/\/megatransport.nl\/wp-content\/uploads\/2024\/09\/1712933536680.jpg\" alt=\"\"\/>\n      <img decoding=\"async\" src=\"https:\/\/megatransport.nl\/wp-content\/uploads\/2024\/09\/24-0715-MEGA-Transport-21-min-1536x1025.jpg\" alt=\"\"\/>\n  <!-- Mobile -->\n      <!-- Top row -->\n      <img decoding=\"async\" src=\"https:\/\/megatransport.nl\/wp-content\/uploads\/2024\/09\/1712933537170.jpeg\" alt=\"\"\/>\n      <img decoding=\"async\" src=\"https:\/\/megatransport.nl\/wp-content\/uploads\/2024\/09\/24-0715-MEGA-Transport-59-min-1536x1025.jpg\" alt=\"\"\/>\n      <img decoding=\"async\" src=\"https:\/\/megatransport.nl\/wp-content\/uploads\/2024\/09\/24-0715-MEGA-Transport-35-min-1536x1025.jpg\" alt=\"\"\/>\n      <!-- Middle row -->\n        \n          <strong>Nat\u00fcrlich<\/strong>\n                      halten \n                      wir \n                      Sondertransport \n                      f\u00fcr \n                      ganz \n                      normal \n                      und \n                      sind \n                      die \n                      Antwort \n                      auf \n                      Ihre \n                      Transportfragen \n                  \n      <!-- Bottom row -->\n      <img decoding=\"async\" src=\"https:\/\/megatransport.nl\/wp-content\/uploads\/2024\/09\/1712933536680.jpg\" alt=\"\"\/>\n      <img decoding=\"async\" src=\"https:\/\/megatransport.nl\/wp-content\/uploads\/2024\/09\/24-0715-MEGA-Transport-17-min-1536x1025.jpg\" alt=\"\"\/>\n      <img decoding=\"async\" src=\"https:\/\/megatransport.nl\/wp-content\/uploads\/2024\/09\/24-0715-MEGA-Transport-21-min-1536x1025.jpg\" alt=\"\"\/>\n      <!-- Image left -->\n        <!-- Info -->\n          <h2>SIE SUCHEN EIN FIRMA F\u00dcR IHREN CONTAINERTRANSPORT?<\/h2>\n          <a href=\"https:\/\/megacontainers.nl\/de\/home\" target=\"_blank\">Siehe hier<\/a>\n          <p>www.megacontainers.nl<\/p>\n        <!-- Image right -->\n\n","protected":false},"excerpt":{"rendered":"<p>Kontakt Video ansehen MEGA TRANSPORT TRANSPORTIERT GERNE IHRE BESONDERE G\u00dcTER DURCH GANZ EUROPA. EIN PERS\u00d6NLICHER ANSATZ IN EINER AUSSERGEW\u00d6HNLICHEN WELT MEGA Transport ist spezialisiert auf den Transport von au\u00dfergew\u00f6hnlichen Ladungen, die aufgrund von Gr\u00f6\u00dfe, Gewicht und Masse besondere Kenntnisse und Materialien erfordern. PROFESSIONELLER &#038; SCHNELLER SERVICE FACHKUNDIGE BERATUNG &#038; PERS\u00d6NLICHER KONTAKT TEAM MIT UMFANGREICHEN WISSEN [&hellip;]<\/p>\n","protected":false},"author":1,"featured_media":0,"parent":0,"menu_order":0,"comment_status":"closed","ping_status":"closed","template":"","meta":{"_acf_changed":false,"inline_featured_image":false,"footnotes":""},"class_list":["post-327","page","type-page","status-publish","hentry"],"acf":[],"yoast_head":"<!-- This site is optimized with the Yoast SEO plugin v24.2 - https:\/\/yoast.com\/wordpress\/plugins\/seo\/ -->\n<title>MEGA Transport | Sondertransport transportieren in Europa<\/title>\n<meta name=\"description\" content=\"MEGA ist auf den Transport au\u00dfergew\u00f6hnlicher Ladungen spezialisiert, die aufgrund von Gr\u00f6\u00dfe, Gewicht und Masse spezielle Kenntnisse und Material erfordern.\" \/>\n<meta name=\"robots\" content=\"index, follow, max-snippet:-1, max-image-preview:large, max-video-preview:-1\" \/>\n<link rel=\"canonical\" href=\"https:\/\/megatransport.nl\/\" \/>\n<meta property=\"og:locale\" content=\"de_DE\" \/>\n<meta property=\"og:type\" content=\"article\" \/>\n<meta property=\"og:title\" content=\"MEGA Transport | Sondertransport transportieren in Europa\" \/>\n<meta property=\"og:description\" content=\"MEGA ist auf den Transport au\u00dfergew\u00f6hnlicher Ladungen spezialisiert, die aufgrund von Gr\u00f6\u00dfe, Gewicht und Masse spezielle Kenntnisse und Material erfordern.\" \/>\n<meta property=\"og:url\" content=\"https:\/\/megatransport.nl\/\" \/>\n<meta property=\"og:site_name\" content=\"MEGA Transport\" \/>\n<meta property=\"article:modified_time\" content=\"2025-01-15T09:11:29+00:00\" \/>\n<meta property=\"og:image\" content=\"https:\/\/megatransport.nl\/wp-content\/uploads\/2024\/09\/Icon-4.svg\" \/>\n<meta name=\"twitter:card\" content=\"summary_large_image\" \/>\n<meta name=\"twitter:label1\" content=\"Gesch\u00e4tzte Lesezeit\" \/>\n\t<meta name=\"twitter:data1\" content=\"7\u00a0Minuten\" \/>\n<script type=\"application\/ld+json\" class=\"yoast-schema-graph\">{\"@context\":\"https:\/\/schema.org\",\"@graph\":[{\"@type\":\"WebPage\",\"@id\":\"https:\/\/megatransport.nl\/\",\"url\":\"https:\/\/megatransport.nl\/\",\"name\":\"MEGA Transport | Sondertransport transportieren in Europa\",\"isPartOf\":{\"@id\":\"https:\/\/megatransport.nl\/#website\"},\"primaryImageOfPage\":{\"@id\":\"https:\/\/megatransport.nl\/#primaryimage\"},\"image\":{\"@id\":\"https:\/\/megatransport.nl\/#primaryimage\"},\"thumbnailUrl\":\"https:\/\/megatransport.nl\/wp-content\/uploads\/2024\/09\/Icon-4.svg\",\"datePublished\":\"2024-09-12T07:16:49+00:00\",\"dateModified\":\"2025-01-15T09:11:29+00:00\",\"description\":\"MEGA ist auf den Transport au\u00dfergew\u00f6hnlicher Ladungen spezialisiert, die aufgrund von Gr\u00f6\u00dfe, Gewicht und Masse spezielle Kenntnisse und Material erfordern.\",\"breadcrumb\":{\"@id\":\"https:\/\/megatransport.nl\/#breadcrumb\"},\"inLanguage\":\"de\",\"potentialAction\":[{\"@type\":\"ReadAction\",\"target\":[\"https:\/\/megatransport.nl\/\"]}]},{\"@type\":\"ImageObject\",\"inLanguage\":\"de\",\"@id\":\"https:\/\/megatransport.nl\/#primaryimage\",\"url\":\"https:\/\/megatransport.nl\/wp-content\/uploads\/2024\/09\/Icon-4.svg\",\"contentUrl\":\"https:\/\/megatransport.nl\/wp-content\/uploads\/2024\/09\/Icon-4.svg\"},{\"@type\":\"BreadcrumbList\",\"@id\":\"https:\/\/megatransport.nl\/#breadcrumb\",\"itemListElement\":[{\"@type\":\"ListItem\",\"position\":1,\"name\":\"Home\",\"item\":\"https:\/\/megatransport.nl\/\"},{\"@type\":\"ListItem\",\"position\":2,\"name\":\"Home\"}]},{\"@type\":\"WebSite\",\"@id\":\"https:\/\/megatransport.nl\/#website\",\"url\":\"https:\/\/megatransport.nl\/\",\"name\":\"MEGA Transport\",\"description\":\"\",\"potentialAction\":[{\"@type\":\"SearchAction\",\"target\":{\"@type\":\"EntryPoint\",\"urlTemplate\":\"https:\/\/megatransport.nl\/?s={search_term_string}\"},\"query-input\":{\"@type\":\"PropertyValueSpecification\",\"valueRequired\":true,\"valueName\":\"search_term_string\"}}],\"inLanguage\":\"de\"}]}<\/script>\n<!-- \/ Yoast SEO plugin. -->","yoast_head_json":{"title":"MEGA Transport | Sondertransport transportieren in Europa","description":"MEGA ist auf den Transport au\u00dfergew\u00f6hnlicher Ladungen spezialisiert, die aufgrund von Gr\u00f6\u00dfe, Gewicht und Masse spezielle Kenntnisse und Material erfordern.","robots":{"index":"index","follow":"follow","max-snippet":"max-snippet:-1","max-image-preview":"max-image-preview:large","max-video-preview":"max-video-preview:-1"},"canonical":"https:\/\/megatransport.nl\/","og_locale":"de_DE","og_type":"article","og_title":"MEGA Transport | Sondertransport transportieren in Europa","og_description":"MEGA ist auf den Transport au\u00dfergew\u00f6hnlicher Ladungen spezialisiert, die aufgrund von Gr\u00f6\u00dfe, Gewicht und Masse spezielle Kenntnisse und Material erfordern.","og_url":"https:\/\/megatransport.nl\/","og_site_name":"MEGA Transport","article_modified_time":"2025-01-15T09:11:29+00:00","og_image":[{"url":"https:\/\/megatransport.nl\/wp-content\/uploads\/2024\/09\/Icon-4.svg","type":"","width":"","height":""}],"twitter_card":"summary_large_image","twitter_misc":{"Gesch\u00e4tzte Lesezeit":"7\u00a0Minuten"},"schema":{"@context":"https:\/\/schema.org","@graph":[{"@type":"WebPage","@id":"https:\/\/megatransport.nl\/","url":"https:\/\/megatransport.nl\/","name":"MEGA Transport | Sondertransport transportieren in Europa","isPartOf":{"@id":"https:\/\/megatransport.nl\/#website"},"primaryImageOfPage":{"@id":"https:\/\/megatransport.nl\/#primaryimage"},"image":{"@id":"https:\/\/megatransport.nl\/#primaryimage"},"thumbnailUrl":"https:\/\/megatransport.nl\/wp-content\/uploads\/2024\/09\/Icon-4.svg","datePublished":"2024-09-12T07:16:49+00:00","dateModified":"2025-01-15T09:11:29+00:00","description":"MEGA ist auf den Transport au\u00dfergew\u00f6hnlicher Ladungen spezialisiert, die aufgrund von Gr\u00f6\u00dfe, Gewicht und Masse spezielle Kenntnisse und Material erfordern.","breadcrumb":{"@id":"https:\/\/megatransport.nl\/#breadcrumb"},"inLanguage":"de","potentialAction":[{"@type":"ReadAction","target":["https:\/\/megatransport.nl\/"]}]},{"@type":"ImageObject","inLanguage":"de","@id":"https:\/\/megatransport.nl\/#primaryimage","url":"https:\/\/megatransport.nl\/wp-content\/uploads\/2024\/09\/Icon-4.svg","contentUrl":"https:\/\/megatransport.nl\/wp-content\/uploads\/2024\/09\/Icon-4.svg"},{"@type":"BreadcrumbList","@id":"https:\/\/megatransport.nl\/#breadcrumb","itemListElement":[{"@type":"ListItem","position":1,"name":"Home","item":"https:\/\/megatransport.nl\/"},{"@type":"ListItem","position":2,"name":"Home"}]},{"@type":"WebSite","@id":"https:\/\/megatransport.nl\/#website","url":"https:\/\/megatransport.nl\/","name":"MEGA Transport","description":"","potentialAction":[{"@type":"SearchAction","target":{"@type":"EntryPoint","urlTemplate":"https:\/\/megatransport.nl\/?s={search_term_string}"},"query-input":{"@type":"PropertyValueSpecification","valueRequired":true,"valueName":"search_term_string"}}],"inLanguage":"de"}]}},"_links":{"self":[{"href":"https:\/\/megatransport.nl\/de\/wp-json\/wp\/v2\/pages\/327","targetHints":{"allow":["GET"]}}],"collection":[{"href":"https:\/\/megatransport.nl\/de\/wp-json\/wp\/v2\/pages"}],"about":[{"href":"https:\/\/megatransport.nl\/de\/wp-json\/wp\/v2\/types\/page"}],"author":[{"embeddable":true,"href":"https:\/\/megatransport.nl\/de\/wp-json\/wp\/v2\/users\/1"}],"replies":[{"embeddable":true,"href":"https:\/\/megatransport.nl\/de\/wp-json\/wp\/v2\/comments?post=327"}],"version-history":[{"count":9,"href":"https:\/\/megatransport.nl\/de\/wp-json\/wp\/v2\/pages\/327\/revisions"}],"predecessor-version":[{"id":858,"href":"https:\/\/megatransport.nl\/de\/wp-json\/wp\/v2\/pages\/327\/revisions\/858"}],"wp:attachment":[{"href":"https:\/\/megatransport.nl\/de\/wp-json\/wp\/v2\/media?parent=327"}],"curies":[{"name":"wp","href":"https:\/\/api.w.org\/{rel}","templated":true}]}}