{"id":645,"date":"2024-09-12T10:22:08","date_gmt":"2024-09-12T08:22:08","guid":{"rendered":"https:\/\/megatransport.nl\/nachricht\/"},"modified":"2024-12-17T10:55:44","modified_gmt":"2024-12-17T09:55:44","slug":"nachricht","status":"publish","type":"page","link":"https:\/\/megatransport.nl\/de\/nachricht\/","title":{"rendered":"Nachricht"},"content":{"rendered":"\n\n    <h1>Nachricht<\/h1>\n      <h2>FOLGEN SIE UNSEREM<br \/>\n<strong>LETZTE NACHRICHTEN<\/strong><\/h2>\n      <p>Bleiben Sie auf dem Laufenden \u00fcber die neuesten Nachrichten rund um MEGA Transport. Hier teilen wir Updates \u00fcber unser Unternehmen, unsere Dienste und Entwicklungen im Transportsektor. Folgen Sie uns f\u00fcr inspirierende Berichte und aktuelle Informationen!<\/p>\n              <a href=\"https:\/\/megatransport.nl\/de\/mega-transport-lanciert-neue-website\/\">\n          <!-- Image -->\n            <img decoding=\"async\" src=\"https:\/\/megatransport.nl\/wp-content\/uploads\/2024\/09\/nieuwe-website-1-1024x768.jpg\" alt=\"MEGA Transport lanciert neue Website\"\/>\n            <!-- Title -->\n              <h3>MEGA Transport lanciert neue Website<\/h3>\n              Mehr lesen\n            <!-- Excerpt -->\n              <p>MEGA Transport freut sich, den Start seiner komplett neu gestalteten Website bekannt zu geben! In Zusammenarbeit mit dem Kreativteam von Brand Boosters wurde eine moderne, benutzerfreundliche Website entwickelt, die die Vision unseres Unternehmens perfekt widerspiegelt. Die neue Website bietet den Besuchern ein verbessertes Erlebnis mit einem frischen Look und einer intuitiven Navigation. Die Kunden k\u00f6nnen [&hellip;]<\/p>\n        <\/a>\n              <a href=\"https:\/\/megatransport.nl\/de\/neuer-faymonville-max-210-doppelt-ausziehbarer-megatrailer-im-einsatz\/\">\n          <!-- Image -->\n            <img decoding=\"async\" src=\"https:\/\/megatransport.nl\/wp-content\/uploads\/2024\/09\/Nieuwe-Faymonville-MAX-210-1024x576.jpg\" alt=\"Neuer Faymonville MAX 210 doppelt ausziehbarer Megatrailer im Einsatz\"\/>\n            <!-- Title -->\n              <h3>Neuer Faymonville MAX 210 doppelt ausziehbarer Megatrailer im Einsatz<\/h3>\n              Mehr lesen\n            <!-- Excerpt -->\n              <p>Tolle Neuigkeiten! In der vergangenen Woche haben wir unseren neuen, doppelt ausziehbaren Megatrailer Faymonville MAX 210 in Betrieb genommen, mit dem wir Lasten von bis zu 31 Metern transportieren k\u00f6nnen. Unsere Kapazit\u00e4t ist jetzt noch gr\u00f6\u00dfer und wir sind bereit, Ihre Ladung zu transportieren!<\/p>\n        <\/a>\n              <a href=\"https:\/\/megatransport.nl\/de\/werfen-sie-auch-einen-blick-auf-unsere-linkedin-seite-fuer-interessante-transporte\/\">\n          <!-- Image -->\n            <img decoding=\"async\" src=\"https:\/\/megatransport.nl\/wp-content\/uploads\/2024\/09\/container1-1024x768.jpg\" alt=\"Werfen Sie auch einen Blick auf unsere Linkedin-Seite f\u00fcr interessante Transporte\"\/>\n            <!-- Title -->\n              <h3>Werfen Sie auch einen Blick auf unsere Linkedin-Seite f\u00fcr interessante Transporte<\/h3>\n              Mehr lesen\n            <!-- Excerpt -->\n              <p>M\u00f6chten Sie auch wissen, was diese Woche im Bereich des Sondertransports passiert ist? Dann werfen Sie einen Blick auf unsere Linkedin-Seite.<\/p>\n        <\/a>\n              <a href=\"https:\/\/megatransport.nl\/de\/ein-neuer-ausziehbarer-anhaenger\/\">\n          <!-- Image -->\n            <img decoding=\"async\" src=\"https:\/\/megatransport.nl\/wp-content\/uploads\/2024\/09\/1636738315563.jpg\" alt=\"Ein neuer ausziehbarer Anh\u00e4nger !\"\/>\n            <!-- Title -->\n              <h3>Ein neuer ausziehbarer Anh\u00e4nger !<\/h3>\n              Mehr lesen\n            <!-- Excerpt -->\n              <p>Ein neuer ausziehbarer Faymonville Max-Anh\u00e4nger ist jetzt f\u00fcr Mega Transport unterwegs! M\u00f6chten Sie wissen, welche M\u00f6glichkeiten wir f\u00fcr au\u00dfergew\u00f6hnliche \/ spezielle Transporte anbieten? Dann z\u00f6gern Sie nicht, uns zu kontaktieren.<\/p>\n        <\/a>\n\n","protected":false},"excerpt":{"rendered":"<p>Nachricht FOLGEN SIE UNSEREM LETZTE NACHRICHTEN Bleiben Sie auf dem Laufenden \u00fcber die neuesten Nachrichten rund um MEGA Transport. Hier teilen wir Updates \u00fcber unser Unternehmen, unsere Dienste und Entwicklungen im Transportsektor. Folgen Sie uns f\u00fcr inspirierende Berichte und aktuelle Informationen! MEGA Transport lanciert neue Website Mehr lesen MEGA Transport freut sich, den Start seiner [&hellip;]<\/p>\n","protected":false},"author":2,"featured_media":0,"parent":0,"menu_order":0,"comment_status":"closed","ping_status":"closed","template":"","meta":{"_acf_changed":false,"inline_featured_image":false,"footnotes":""},"class_list":["post-645","page","type-page","status-publish","hentry"],"acf":[],"yoast_head":"<!-- This site is optimized with the Yoast SEO plugin v24.2 - https:\/\/yoast.com\/wordpress\/plugins\/seo\/ -->\n<title>Sehen Sie hier die neuesten Nachrichten an - MEGA Transport<\/title>\n<meta name=\"description\" content=\"Bleiben Sie auf dem Laufenden mit den neuesten Nachrichten von MEGA Transport. Immer interessant zu wissen, was in der Welt der Spezialtransporte so los\" \/>\n<meta name=\"robots\" content=\"index, follow, max-snippet:-1, max-image-preview:large, max-video-preview:-1\" \/>\n<link rel=\"canonical\" href=\"https:\/\/megatransport.nl\/de\/nachricht\/\" \/>\n<meta property=\"og:locale\" content=\"de_DE\" \/>\n<meta property=\"og:type\" content=\"article\" \/>\n<meta property=\"og:title\" content=\"Sehen Sie hier die neuesten Nachrichten an - MEGA Transport\" \/>\n<meta property=\"og:description\" content=\"Bleiben Sie auf dem Laufenden mit den neuesten Nachrichten von MEGA Transport. Immer interessant zu wissen, was in der Welt der Spezialtransporte so los\" \/>\n<meta property=\"og:url\" content=\"https:\/\/megatransport.nl\/de\/nachricht\/\" \/>\n<meta property=\"og:site_name\" content=\"MEGA Transport\" \/>\n<meta property=\"article:modified_time\" content=\"2024-12-17T09:55:44+00:00\" \/>\n<meta property=\"og:image\" content=\"https:\/\/megatransport.nl\/wp-content\/uploads\/2024\/09\/nieuwe-website-1-1024x768.jpg\" \/>\n<meta name=\"twitter:card\" content=\"summary_large_image\" \/>\n<meta name=\"twitter:label1\" content=\"Gesch\u00e4tzte Lesezeit\" \/>\n\t<meta name=\"twitter:data1\" content=\"7\u00a0Minuten\" \/>\n<script type=\"application\/ld+json\" class=\"yoast-schema-graph\">{\"@context\":\"https:\/\/schema.org\",\"@graph\":[{\"@type\":\"WebPage\",\"@id\":\"https:\/\/megatransport.nl\/de\/nachricht\/\",\"url\":\"https:\/\/megatransport.nl\/de\/nachricht\/\",\"name\":\"Sehen Sie hier die neuesten Nachrichten an - MEGA Transport\",\"isPartOf\":{\"@id\":\"https:\/\/megatransport.nl\/#website\"},\"primaryImageOfPage\":{\"@id\":\"https:\/\/megatransport.nl\/de\/nachricht\/#primaryimage\"},\"image\":{\"@id\":\"https:\/\/megatransport.nl\/de\/nachricht\/#primaryimage\"},\"thumbnailUrl\":\"https:\/\/megatransport.nl\/wp-content\/uploads\/2024\/09\/nieuwe-website-1-1024x768.jpg\",\"datePublished\":\"2024-09-12T08:22:08+00:00\",\"dateModified\":\"2024-12-17T09:55:44+00:00\",\"description\":\"Bleiben Sie auf dem Laufenden mit den neuesten Nachrichten von MEGA Transport. Immer interessant zu wissen, was in der Welt der Spezialtransporte so los\",\"breadcrumb\":{\"@id\":\"https:\/\/megatransport.nl\/de\/nachricht\/#breadcrumb\"},\"inLanguage\":\"de\",\"potentialAction\":[{\"@type\":\"ReadAction\",\"target\":[\"https:\/\/megatransport.nl\/de\/nachricht\/\"]}]},{\"@type\":\"ImageObject\",\"inLanguage\":\"de\",\"@id\":\"https:\/\/megatransport.nl\/de\/nachricht\/#primaryimage\",\"url\":\"https:\/\/megatransport.nl\/wp-content\/uploads\/2024\/09\/nieuwe-website-1-1024x768.jpg\",\"contentUrl\":\"https:\/\/megatransport.nl\/wp-content\/uploads\/2024\/09\/nieuwe-website-1-1024x768.jpg\"},{\"@type\":\"BreadcrumbList\",\"@id\":\"https:\/\/megatransport.nl\/de\/nachricht\/#breadcrumb\",\"itemListElement\":[{\"@type\":\"ListItem\",\"position\":1,\"name\":\"Home\",\"item\":\"https:\/\/megatransport.nl\/\"},{\"@type\":\"ListItem\",\"position\":2,\"name\":\"Nachricht\"}]},{\"@type\":\"WebSite\",\"@id\":\"https:\/\/megatransport.nl\/#website\",\"url\":\"https:\/\/megatransport.nl\/\",\"name\":\"MEGA Transport\",\"description\":\"\",\"potentialAction\":[{\"@type\":\"SearchAction\",\"target\":{\"@type\":\"EntryPoint\",\"urlTemplate\":\"https:\/\/megatransport.nl\/?s={search_term_string}\"},\"query-input\":{\"@type\":\"PropertyValueSpecification\",\"valueRequired\":true,\"valueName\":\"search_term_string\"}}],\"inLanguage\":\"de\"}]}<\/script>\n<!-- \/ Yoast SEO plugin. -->","yoast_head_json":{"title":"Sehen Sie hier die neuesten Nachrichten an - MEGA Transport","description":"Bleiben Sie auf dem Laufenden mit den neuesten Nachrichten von MEGA Transport. Immer interessant zu wissen, was in der Welt der Spezialtransporte so los","robots":{"index":"index","follow":"follow","max-snippet":"max-snippet:-1","max-image-preview":"max-image-preview:large","max-video-preview":"max-video-preview:-1"},"canonical":"https:\/\/megatransport.nl\/de\/nachricht\/","og_locale":"de_DE","og_type":"article","og_title":"Sehen Sie hier die neuesten Nachrichten an - MEGA Transport","og_description":"Bleiben Sie auf dem Laufenden mit den neuesten Nachrichten von MEGA Transport. Immer interessant zu wissen, was in der Welt der Spezialtransporte so los","og_url":"https:\/\/megatransport.nl\/de\/nachricht\/","og_site_name":"MEGA Transport","article_modified_time":"2024-12-17T09:55:44+00:00","og_image":[{"url":"https:\/\/megatransport.nl\/wp-content\/uploads\/2024\/09\/nieuwe-website-1-1024x768.jpg","type":"","width":"","height":""}],"twitter_card":"summary_large_image","twitter_misc":{"Gesch\u00e4tzte Lesezeit":"7\u00a0Minuten"},"schema":{"@context":"https:\/\/schema.org","@graph":[{"@type":"WebPage","@id":"https:\/\/megatransport.nl\/de\/nachricht\/","url":"https:\/\/megatransport.nl\/de\/nachricht\/","name":"Sehen Sie hier die neuesten Nachrichten an - MEGA Transport","isPartOf":{"@id":"https:\/\/megatransport.nl\/#website"},"primaryImageOfPage":{"@id":"https:\/\/megatransport.nl\/de\/nachricht\/#primaryimage"},"image":{"@id":"https:\/\/megatransport.nl\/de\/nachricht\/#primaryimage"},"thumbnailUrl":"https:\/\/megatransport.nl\/wp-content\/uploads\/2024\/09\/nieuwe-website-1-1024x768.jpg","datePublished":"2024-09-12T08:22:08+00:00","dateModified":"2024-12-17T09:55:44+00:00","description":"Bleiben Sie auf dem Laufenden mit den neuesten Nachrichten von MEGA Transport. Immer interessant zu wissen, was in der Welt der Spezialtransporte so los","breadcrumb":{"@id":"https:\/\/megatransport.nl\/de\/nachricht\/#breadcrumb"},"inLanguage":"de","potentialAction":[{"@type":"ReadAction","target":["https:\/\/megatransport.nl\/de\/nachricht\/"]}]},{"@type":"ImageObject","inLanguage":"de","@id":"https:\/\/megatransport.nl\/de\/nachricht\/#primaryimage","url":"https:\/\/megatransport.nl\/wp-content\/uploads\/2024\/09\/nieuwe-website-1-1024x768.jpg","contentUrl":"https:\/\/megatransport.nl\/wp-content\/uploads\/2024\/09\/nieuwe-website-1-1024x768.jpg"},{"@type":"BreadcrumbList","@id":"https:\/\/megatransport.nl\/de\/nachricht\/#breadcrumb","itemListElement":[{"@type":"ListItem","position":1,"name":"Home","item":"https:\/\/megatransport.nl\/"},{"@type":"ListItem","position":2,"name":"Nachricht"}]},{"@type":"WebSite","@id":"https:\/\/megatransport.nl\/#website","url":"https:\/\/megatransport.nl\/","name":"MEGA Transport","description":"","potentialAction":[{"@type":"SearchAction","target":{"@type":"EntryPoint","urlTemplate":"https:\/\/megatransport.nl\/?s={search_term_string}"},"query-input":{"@type":"PropertyValueSpecification","valueRequired":true,"valueName":"search_term_string"}}],"inLanguage":"de"}]}},"_links":{"self":[{"href":"https:\/\/megatransport.nl\/de\/wp-json\/wp\/v2\/pages\/645","targetHints":{"allow":["GET"]}}],"collection":[{"href":"https:\/\/megatransport.nl\/de\/wp-json\/wp\/v2\/pages"}],"about":[{"href":"https:\/\/megatransport.nl\/de\/wp-json\/wp\/v2\/types\/page"}],"author":[{"embeddable":true,"href":"https:\/\/megatransport.nl\/de\/wp-json\/wp\/v2\/users\/2"}],"replies":[{"embeddable":true,"href":"https:\/\/megatransport.nl\/de\/wp-json\/wp\/v2\/comments?post=645"}],"version-history":[{"count":4,"href":"https:\/\/megatransport.nl\/de\/wp-json\/wp\/v2\/pages\/645\/revisions"}],"predecessor-version":[{"id":865,"href":"https:\/\/megatransport.nl\/de\/wp-json\/wp\/v2\/pages\/645\/revisions\/865"}],"wp:attachment":[{"href":"https:\/\/megatransport.nl\/de\/wp-json\/wp\/v2\/media?parent=645"}],"curies":[{"name":"wp","href":"https:\/\/api.w.org\/{rel}","templated":true}]}}