{"id":647,"date":"2024-09-18T10:02:12","date_gmt":"2024-09-18T08:02:12","guid":{"rendered":"https:\/\/megatransport.nl\/flotte\/"},"modified":"2024-12-17T11:38:26","modified_gmt":"2024-12-17T10:38:26","slug":"fahrzeuge","status":"publish","type":"page","link":"https:\/\/megatransport.nl\/de\/fahrzeuge\/","title":{"rendered":"Fahrzeuge"},"content":{"rendered":"\r\n<h1>Flotte<\/h1>\r\n<h2>EINE FLOTTE MIT<br \/><strong>UNENDLICHEN M\u00d6GLICHKEITEN<\/strong><\/h2>\r\n<p>Mit \u00fcber 100 Transportfahrzeugen werden ma\u00dfgeschneiderte Logistikl\u00f6sungen in ganz Europa angeboten. Wir bieten optimale Transportl\u00f6sungen f\u00fcr alle Arten von Ladungsanforderungen: Standard-, Spezial-, Container- und Sondertransporte.<\/p>\r\n<p><img decoding=\"async\" src=\"https:\/\/megatransport.nl\/wp-content\/uploads\/2024\/10\/open-vlakke-trailer-1024x768.jpg\" alt=\"Offener Flachwagen (Pritsche)\" \/><\/p>\r\n<p>Abmessungen: L 13,60 \u00d7 B 2,55 \u00d7 H 1,30 m<\/p>\r\n<p><strong>Dauerhafte Genehmigung f\u00fcr au\u00dfergew\u00f6hnliche Transporte<br \/><\/strong>Abmessungen: L1 9,00 \u00d7 B 3,00 \u00d7 H 4,25 m<br \/>Tragf\u00e4higkeit: 24-28 T<\/p>\r\n<p>Ausgestattet mit: 2m hohe Stirnwand, Rungen und Twistlocks.<\/p>\r\n<h3>Offener Flachwagen (Pritsche)<\/h3>\r\n<p><img decoding=\"async\" src=\"https:\/\/megatransport.nl\/wp-content\/uploads\/2024\/10\/Uitschuifbare-vlakke-trailer-Naloop-gestuurd-1024x768.jpg\" alt=\"Ausziehbarer Flachwagen (nachlaufgelenkt)\" \/><\/p>\r\n<p>Abmessungen: L 13,60 \u00d7 B 2,55 \u00d7 H1,35 m<\/p>\r\n<p><strong>Dauerhafte Zulassung f\u00fcr au\u00dfergew\u00f6hnliche Transporte<br \/><\/strong>Abmessungen: L 23,00 \u00d7 B 3,00 \u00d7 H 4,25 m<br \/>Tragf\u00e4higkeit: 22-35 T<\/p>\r\n<p>Ausgestattet mit: 2m hohe Stirnwand, Rungen und Twistlocks.<\/p>\r\n<h3>Ausziehbarer Flachwagen (nachlaufgelenkt)<\/h3>\r\n<p><img decoding=\"async\" src=\"https:\/\/megatransport.nl\/wp-content\/uploads\/2024\/10\/open-mega-trailer-1024x682.jpg\" alt=\"Megatrailer \u00f6ffnen\" \/><\/p>\r\n<p>Abmessungen: L 13,60 \u00d7 B 2,55 \u00d7 H 1,05 m<\/p>\r\n<p><strong>Dauergenehmigung f\u00fcr Sondertransporte<br \/><\/strong>Abmessungen: L 19,00 \u00d7 B 3,00 \u00d7 H 4,25 m<br \/>Tragf\u00e4higkeit: 24-28 T<\/p>\r\n<p>Ausgestattet mit: 2m hohe Stirnwand, Rungen, Rampen und Twistlocks.<\/p>\r\n<h3>Megatrailer \u00f6ffnen<\/h3>\r\n<p><img decoding=\"async\" src=\"https:\/\/megatransport.nl\/wp-content\/uploads\/2024\/10\/Uitschuifbare-mega-naloop-gestuurd-1024x768.jpg\" alt=\"Ausziehbarer Megatrailer (mit Nachlauflenkung)\" \/><\/p>\r\n<p>Abmessungen: L 13,60 \u00d7 B 2,55 \u00d7 H 1,05 m<\/p>\r\n<p><strong>Dauerhafte Zulassung f\u00fcr au\u00dfergew\u00f6hnliche Transporte<br \/><\/strong>Abmessungen: L 23,00 \u00d7 B 3,00 \u00d7 H 4,25 m<br \/>Tragf\u00e4higkeit: 22-26 T<\/p>\r\n<p>Ausgestattet mit: 2m hohe Stirnwand, Rungen, Rampen und Twistlocks.<\/p>\r\n<h3>Ausziehbarer Megatrailer (mit Nachlauflenkung)<\/h3>\r\n<p><img decoding=\"async\" src=\"https:\/\/megatransport.nl\/wp-content\/uploads\/2024\/10\/Dubbel-schuif-mega-1024x576.jpg\" alt=\"Doppelt ausziehbarer Megatrailer bis zu 30m (hydraulisch gelenkt)\" \/><\/p>\r\n<p>Abmessungen: L 13,60 \u00d7 B 2,55 \u00d7 H 1,05 m<\/p>\r\n<p><strong>Dauerhafte Zulassung f\u00fcr au\u00dfergew\u00f6hnliche Transporte<br \/><\/strong>Abmessungen: L 33,00 \u00d7 B 3,00 \u00d7 H 4,25 m<br \/>Tragf\u00e4higkeit: 17-21 T<\/p>\r\n<p>Ausgestattet mit: 2 m hohe Stirnwand, Rungen, Rampen und Twistlocks.<\/p>\r\n<h3>Doppelt ausziehbarer Megatrailer bis zu 30m (hydraulisch gelenkt)<\/h3>\r\n<p><img decoding=\"async\" src=\"https:\/\/megatransport.nl\/wp-content\/uploads\/2024\/10\/mega-semie-wielkuil-1024x768.jpg\" alt=\"3-Achs-Mega-Semi-Tieflader mit Radgrube\" \/><\/p>\r\n<p>Abmessungen: L 13,40 \u00d7 B 2,55 \u00d7 H 0,86 m<\/p>\r\n<p><strong>Dauerhafte Genehmigung f\u00fcr au\u00dfergew\u00f6hnliche Transporte<br \/><\/strong>Abmessungen: L 18,40 \u00d7 B 3,00 \u00d7 H 4,25 m<br \/>Tragf\u00e4higkeit: 19-23 T<\/p>\r\n<p>Ausgestattet mit: 2m hohe Stirnwand, Rungen, Rampen und Twistlocks.<\/p>\r\n<h3>3-Achs-Mega-Semi-Tieflader mit Radgrube<\/h3>\r\n","protected":false},"excerpt":{"rendered":"<p>Flotte EINE FLOTTE MITUNENDLICHEN M\u00d6GLICHKEITEN Mit \u00fcber 100 Transportfahrzeugen werden ma\u00dfgeschneiderte Logistikl\u00f6sungen in ganz Europa angeboten. Wir bieten optimale Transportl\u00f6sungen f\u00fcr alle Arten von Ladungsanforderungen: Standard-, Spezial-, Container- und Sondertransporte. Abmessungen: L 13,60 \u00d7 B 2,55 \u00d7 H 1,30 m Dauerhafte Genehmigung f\u00fcr au\u00dfergew\u00f6hnliche TransporteAbmessungen: L1 9,00 \u00d7 B 3,00 \u00d7 H 4,25 mTragf\u00e4higkeit: 24-28 [&hellip;]<\/p>\n","protected":false},"author":2,"featured_media":0,"parent":0,"menu_order":0,"comment_status":"closed","ping_status":"closed","template":"","meta":{"_acf_changed":false,"inline_featured_image":false,"footnotes":""},"class_list":["post-647","page","type-page","status-publish","hentry"],"acf":[],"yoast_head":"<!-- This site is optimized with the Yoast SEO plugin v24.2 - https:\/\/yoast.com\/wordpress\/plugins\/seo\/ -->\n<title>Unsere Fahrzeuge - MEGA Transport<\/title>\n<meta name=\"description\" content=\"Entdecken Sie die moderne und umfangreiche Flotte von MEGA Transport. Zuverl\u00e4ssige Fahrzeuge f\u00fcr jeden Transport, abgestimmt auf Ihre logistischen Anforderungen.\" \/>\n<meta name=\"robots\" content=\"index, follow, max-snippet:-1, max-image-preview:large, max-video-preview:-1\" \/>\n<link rel=\"canonical\" href=\"https:\/\/megatransport.nl\/de\/fahrzeuge\/\" \/>\n<meta property=\"og:locale\" content=\"de_DE\" \/>\n<meta property=\"og:type\" content=\"article\" \/>\n<meta property=\"og:title\" content=\"Unsere Fahrzeuge - MEGA Transport\" \/>\n<meta property=\"og:description\" content=\"Entdecken Sie die moderne und umfangreiche Flotte von MEGA Transport. Zuverl\u00e4ssige Fahrzeuge f\u00fcr jeden Transport, abgestimmt auf Ihre logistischen Anforderungen.\" \/>\n<meta property=\"og:url\" content=\"https:\/\/megatransport.nl\/de\/fahrzeuge\/\" \/>\n<meta property=\"og:site_name\" content=\"MEGA Transport\" \/>\n<meta property=\"article:modified_time\" content=\"2024-12-17T10:38:26+00:00\" \/>\n<meta property=\"og:image\" content=\"https:\/\/megatransport.nl\/wp-content\/uploads\/2024\/10\/open-vlakke-trailer-1024x768.jpg\" \/>\n<meta name=\"twitter:card\" content=\"summary_large_image\" \/>\n<meta name=\"twitter:label1\" content=\"Gesch\u00e4tzte Lesezeit\" \/>\n\t<meta name=\"twitter:data1\" content=\"8\u00a0Minuten\" \/>\n<script type=\"application\/ld+json\" class=\"yoast-schema-graph\">{\"@context\":\"https:\/\/schema.org\",\"@graph\":[{\"@type\":\"WebPage\",\"@id\":\"https:\/\/megatransport.nl\/de\/fahrzeuge\/\",\"url\":\"https:\/\/megatransport.nl\/de\/fahrzeuge\/\",\"name\":\"Unsere Fahrzeuge - MEGA Transport\",\"isPartOf\":{\"@id\":\"https:\/\/megatransport.nl\/#website\"},\"primaryImageOfPage\":{\"@id\":\"https:\/\/megatransport.nl\/de\/fahrzeuge\/#primaryimage\"},\"image\":{\"@id\":\"https:\/\/megatransport.nl\/de\/fahrzeuge\/#primaryimage\"},\"thumbnailUrl\":\"https:\/\/megatransport.nl\/wp-content\/uploads\/2024\/10\/open-vlakke-trailer-1024x768.jpg\",\"datePublished\":\"2024-09-18T08:02:12+00:00\",\"dateModified\":\"2024-12-17T10:38:26+00:00\",\"description\":\"Entdecken Sie die moderne und umfangreiche Flotte von MEGA Transport. Zuverl\u00e4ssige Fahrzeuge f\u00fcr jeden Transport, abgestimmt auf Ihre logistischen Anforderungen.\",\"breadcrumb\":{\"@id\":\"https:\/\/megatransport.nl\/de\/fahrzeuge\/#breadcrumb\"},\"inLanguage\":\"de\",\"potentialAction\":[{\"@type\":\"ReadAction\",\"target\":[\"https:\/\/megatransport.nl\/de\/fahrzeuge\/\"]}]},{\"@type\":\"ImageObject\",\"inLanguage\":\"de\",\"@id\":\"https:\/\/megatransport.nl\/de\/fahrzeuge\/#primaryimage\",\"url\":\"https:\/\/megatransport.nl\/wp-content\/uploads\/2024\/10\/open-vlakke-trailer-1024x768.jpg\",\"contentUrl\":\"https:\/\/megatransport.nl\/wp-content\/uploads\/2024\/10\/open-vlakke-trailer-1024x768.jpg\"},{\"@type\":\"BreadcrumbList\",\"@id\":\"https:\/\/megatransport.nl\/de\/fahrzeuge\/#breadcrumb\",\"itemListElement\":[{\"@type\":\"ListItem\",\"position\":1,\"name\":\"Home\",\"item\":\"https:\/\/megatransport.nl\/\"},{\"@type\":\"ListItem\",\"position\":2,\"name\":\"Fahrzeuge\"}]},{\"@type\":\"WebSite\",\"@id\":\"https:\/\/megatransport.nl\/#website\",\"url\":\"https:\/\/megatransport.nl\/\",\"name\":\"MEGA Transport\",\"description\":\"\",\"potentialAction\":[{\"@type\":\"SearchAction\",\"target\":{\"@type\":\"EntryPoint\",\"urlTemplate\":\"https:\/\/megatransport.nl\/?s={search_term_string}\"},\"query-input\":{\"@type\":\"PropertyValueSpecification\",\"valueRequired\":true,\"valueName\":\"search_term_string\"}}],\"inLanguage\":\"de\"}]}<\/script>\n<!-- \/ Yoast SEO plugin. -->","yoast_head_json":{"title":"Unsere Fahrzeuge - MEGA Transport","description":"Entdecken Sie die moderne und umfangreiche Flotte von MEGA Transport. Zuverl\u00e4ssige Fahrzeuge f\u00fcr jeden Transport, abgestimmt auf Ihre logistischen Anforderungen.","robots":{"index":"index","follow":"follow","max-snippet":"max-snippet:-1","max-image-preview":"max-image-preview:large","max-video-preview":"max-video-preview:-1"},"canonical":"https:\/\/megatransport.nl\/de\/fahrzeuge\/","og_locale":"de_DE","og_type":"article","og_title":"Unsere Fahrzeuge - MEGA Transport","og_description":"Entdecken Sie die moderne und umfangreiche Flotte von MEGA Transport. Zuverl\u00e4ssige Fahrzeuge f\u00fcr jeden Transport, abgestimmt auf Ihre logistischen Anforderungen.","og_url":"https:\/\/megatransport.nl\/de\/fahrzeuge\/","og_site_name":"MEGA Transport","article_modified_time":"2024-12-17T10:38:26+00:00","og_image":[{"url":"https:\/\/megatransport.nl\/wp-content\/uploads\/2024\/10\/open-vlakke-trailer-1024x768.jpg","type":"","width":"","height":""}],"twitter_card":"summary_large_image","twitter_misc":{"Gesch\u00e4tzte Lesezeit":"8\u00a0Minuten"},"schema":{"@context":"https:\/\/schema.org","@graph":[{"@type":"WebPage","@id":"https:\/\/megatransport.nl\/de\/fahrzeuge\/","url":"https:\/\/megatransport.nl\/de\/fahrzeuge\/","name":"Unsere Fahrzeuge - MEGA Transport","isPartOf":{"@id":"https:\/\/megatransport.nl\/#website"},"primaryImageOfPage":{"@id":"https:\/\/megatransport.nl\/de\/fahrzeuge\/#primaryimage"},"image":{"@id":"https:\/\/megatransport.nl\/de\/fahrzeuge\/#primaryimage"},"thumbnailUrl":"https:\/\/megatransport.nl\/wp-content\/uploads\/2024\/10\/open-vlakke-trailer-1024x768.jpg","datePublished":"2024-09-18T08:02:12+00:00","dateModified":"2024-12-17T10:38:26+00:00","description":"Entdecken Sie die moderne und umfangreiche Flotte von MEGA Transport. Zuverl\u00e4ssige Fahrzeuge f\u00fcr jeden Transport, abgestimmt auf Ihre logistischen Anforderungen.","breadcrumb":{"@id":"https:\/\/megatransport.nl\/de\/fahrzeuge\/#breadcrumb"},"inLanguage":"de","potentialAction":[{"@type":"ReadAction","target":["https:\/\/megatransport.nl\/de\/fahrzeuge\/"]}]},{"@type":"ImageObject","inLanguage":"de","@id":"https:\/\/megatransport.nl\/de\/fahrzeuge\/#primaryimage","url":"https:\/\/megatransport.nl\/wp-content\/uploads\/2024\/10\/open-vlakke-trailer-1024x768.jpg","contentUrl":"https:\/\/megatransport.nl\/wp-content\/uploads\/2024\/10\/open-vlakke-trailer-1024x768.jpg"},{"@type":"BreadcrumbList","@id":"https:\/\/megatransport.nl\/de\/fahrzeuge\/#breadcrumb","itemListElement":[{"@type":"ListItem","position":1,"name":"Home","item":"https:\/\/megatransport.nl\/"},{"@type":"ListItem","position":2,"name":"Fahrzeuge"}]},{"@type":"WebSite","@id":"https:\/\/megatransport.nl\/#website","url":"https:\/\/megatransport.nl\/","name":"MEGA Transport","description":"","potentialAction":[{"@type":"SearchAction","target":{"@type":"EntryPoint","urlTemplate":"https:\/\/megatransport.nl\/?s={search_term_string}"},"query-input":{"@type":"PropertyValueSpecification","valueRequired":true,"valueName":"search_term_string"}}],"inLanguage":"de"}]}},"_links":{"self":[{"href":"https:\/\/megatransport.nl\/de\/wp-json\/wp\/v2\/pages\/647","targetHints":{"allow":["GET"]}}],"collection":[{"href":"https:\/\/megatransport.nl\/de\/wp-json\/wp\/v2\/pages"}],"about":[{"href":"https:\/\/megatransport.nl\/de\/wp-json\/wp\/v2\/types\/page"}],"author":[{"embeddable":true,"href":"https:\/\/megatransport.nl\/de\/wp-json\/wp\/v2\/users\/2"}],"replies":[{"embeddable":true,"href":"https:\/\/megatransport.nl\/de\/wp-json\/wp\/v2\/comments?post=647"}],"version-history":[{"count":4,"href":"https:\/\/megatransport.nl\/de\/wp-json\/wp\/v2\/pages\/647\/revisions"}],"predecessor-version":[{"id":867,"href":"https:\/\/megatransport.nl\/de\/wp-json\/wp\/v2\/pages\/647\/revisions\/867"}],"wp:attachment":[{"href":"https:\/\/megatransport.nl\/de\/wp-json\/wp\/v2\/media?parent=647"}],"curies":[{"name":"wp","href":"https:\/\/api.w.org\/{rel}","templated":true}]}}