{"id":652,"date":"2024-09-12T10:20:16","date_gmt":"2024-09-12T08:20:16","guid":{"rendered":"https:\/\/megatransport.nl\/ueber-uns\/"},"modified":"2024-12-17T10:36:15","modified_gmt":"2024-12-17T09:36:15","slug":"ueber-uns","status":"publish","type":"page","link":"https:\/\/megatransport.nl\/de\/ueber-uns\/","title":{"rendered":"\u00dcber uns"},"content":{"rendered":"\n\n    <h1>\u00dcber uns<\/h1>\n      <h2><strong>MEGA<\/strong> Transport<\/h2>\n      <p>Bei MEGA Transport verbinden wir Erfahrung mit Innovation. Seit 2018 bieten wir zuverl\u00e4ssige Transporte in ganz Europa an. Mit unserem eigenen Equipment und starken Partnern bieten wir schnelle, effiziente und kundenorientierte L\u00f6sungen.<\/p>\n        <img decoding=\"async\" src=\"https:\/\/megatransport.nl\/wp-content\/uploads\/2024\/09\/1714756164854.jpeg\" alt=\"\"\/>\n        <img decoding=\"async\" src=\"https:\/\/megatransport.nl\/wp-content\/uploads\/2024\/09\/Afbeelding-27.png\" alt=\"\"\/>\n        <img decoding=\"async\" src=\"https:\/\/megatransport.nl\/wp-content\/uploads\/2024\/09\/1725036726338-1536x1152.jpeg\" alt=\"\"\/>\n        <img decoding=\"async\" src=\"https:\/\/megatransport.nl\/wp-content\/uploads\/2024\/09\/Afbeelding-12.png\" alt=\"\"\/>\n        <p>Haben Sie Fragen oder m\u00f6chten Sie ein Angebot anfordern?<\/p>\n        <a href=\"\/de\/kontakt\/\" target=\"_self\">Kontakt<\/a>\n      <!-- Content -->\n        <h2><strong>Au\u00dfergew\u00f6hnlicher<\/strong> TRANSPORT<\/h2>\n        <p>MEGA Transport ist ein junges Unternehmen mit einem bescheidenen Team, das \u00fcber viel Erfahrung und Wissen verf\u00fcgt. Durch den Einsatz unseres eigenen Equipments und die enge Zusammenarbeit mit zuverl\u00e4ssigen Partnern k\u00f6nnen wir Ihnen einen schnellen und professionellen Service bieten.Wir f\u00fchren Transporte in den Benelux-L\u00e4ndern, Deutschland, Polen, der Tschechischen Republik, Frankreich, der Schweiz, \u00d6sterreich, D\u00e4nemark, Schweden, Italien, Spanien, Irland und dem Vereinigten K\u00f6nigreich durch.Das Unternehmen wurde im Jahr 2018 von Tom Sijpkes und Arjan Kal gegr\u00fcndet. Wir begannen mit 6 offenen LKWs und sind inzwischen auf 54 LKWs f\u00fcr offene\/ausgefallene Transporte und 31 LKWs f\u00fcr Containertransporte angewachsen. Im Jahr 2021 gr\u00fcndeten wir zusammen mit Mike de Groot das Unternehmen Mega Containers B.V..<\/p>\n          <img decoding=\"async\" src=\"https:\/\/megatransport.nl\/wp-content\/uploads\/2024\/12\/map-europa-3-1536x1305.png\" alt=\"\"\/>\n      <!-- Tabs -->\n              <h3 :class=\"active == 0 ? '!text-black' : ''\">Stahl<\/h3>\n                <img decoding=\"async\" src=\"https:\/\/megatransport.nl\/wp-content\/uploads\/2024\/09\/staal-1024x414.jpg\" alt=\"Stahl\"\/>\n              <h3 :class=\"active == 1 ? '!text-black' : ''\">Rohre<\/h3>\n                <img decoding=\"async\" src=\"https:\/\/megatransport.nl\/wp-content\/uploads\/2024\/09\/buizen-1024x414.jpg\" alt=\"Rohre\"\/>\n              <h3 :class=\"active == 2 ? '!text-black' : ''\">Schachteln<\/h3>\n                <img decoding=\"async\" src=\"https:\/\/megatransport.nl\/wp-content\/uploads\/2024\/09\/kisten-1024x414.jpg\" alt=\"Schachteln\"\/>\n              <h3 :class=\"active == 3 ? '!text-black' : ''\">Kr\u00e4ne<\/h3>\n                <img decoding=\"async\" src=\"https:\/\/megatransport.nl\/wp-content\/uploads\/2024\/09\/kraandelen-1024x414.jpg\" alt=\"Kr\u00e4ne\"\/>\n              <h3 :class=\"active == 4 ? '!text-black' : ''\">Beton<\/h3>\n                <img decoding=\"async\" src=\"https:\/\/megatransport.nl\/wp-content\/uploads\/2024\/09\/beton-1024x414.jpg\" alt=\"Beton\"\/>\n              <h3 :class=\"active == 5 ? '!text-black' : ''\">Hebeb\u00fchnen<\/h3>\n                <img decoding=\"async\" src=\"https:\/\/megatransport.nl\/wp-content\/uploads\/2024\/09\/heftrucks-1024x414.jpg\" alt=\"Hebeb\u00fchnen\"\/>\n              <h3 :class=\"active == 6 ? '!text-black' : ''\">Bagger<\/h3>\n                <img decoding=\"async\" src=\"https:\/\/megatransport.nl\/wp-content\/uploads\/2024\/09\/graafmachines-1024x414.jpg\" alt=\"Bagger\"\/>\n              <h3 :class=\"active == 7 ? '!text-black' : ''\">Maschinenteile<\/h3>\n                <img decoding=\"async\" src=\"https:\/\/megatransport.nl\/wp-content\/uploads\/2024\/09\/machine-delen-1024x414.jpg\" alt=\"Maschinenteile\"\/>\n              <h3 :class=\"active == 8 ? '!text-black' : ''\">Beh\u00e4ltnisse<\/h3>\n                <img decoding=\"async\" src=\"https:\/\/megatransport.nl\/wp-content\/uploads\/2024\/09\/containers-1024x414.jpg\" alt=\"Beh\u00e4ltnisse\"\/>\n\n","protected":false},"excerpt":{"rendered":"<p>\u00dcber uns MEGA Transport Bei MEGA Transport verbinden wir Erfahrung mit Innovation. Seit 2018 bieten wir zuverl\u00e4ssige Transporte in ganz Europa an. Mit unserem eigenen Equipment und starken Partnern bieten wir schnelle, effiziente und kundenorientierte L\u00f6sungen. Haben Sie Fragen oder m\u00f6chten Sie ein Angebot anfordern? Kontakt Au\u00dfergew\u00f6hnlicher TRANSPORT MEGA Transport ist ein junges Unternehmen mit [&hellip;]<\/p>\n","protected":false},"author":2,"featured_media":0,"parent":0,"menu_order":0,"comment_status":"closed","ping_status":"closed","template":"","meta":{"_acf_changed":false,"inline_featured_image":false,"footnotes":""},"class_list":["post-652","page","type-page","status-publish","hentry"],"acf":[],"yoast_head":"<!-- This site is optimized with the Yoast SEO plugin v24.2 - https:\/\/yoast.com\/wordpress\/plugins\/seo\/ -->\n<title>MEGA Transport | F\u00fcr Spezialtransporte innerhalb Europas<\/title>\n<meta name=\"description\" content=\"MEGA Transport. MEGA Transport ist ein junges Unternehmen mit einem bescheidenen Team, aber Erfahrung und Wissen sind reichlich vorhanden.\" \/>\n<meta name=\"robots\" content=\"index, follow, max-snippet:-1, max-image-preview:large, max-video-preview:-1\" \/>\n<link rel=\"canonical\" href=\"https:\/\/megatransport.nl\/de\/ueber-uns\/\" \/>\n<meta property=\"og:locale\" content=\"de_DE\" \/>\n<meta property=\"og:type\" content=\"article\" \/>\n<meta property=\"og:title\" content=\"MEGA Transport | F\u00fcr Spezialtransporte innerhalb Europas\" \/>\n<meta property=\"og:description\" content=\"MEGA Transport. MEGA Transport ist ein junges Unternehmen mit einem bescheidenen Team, aber Erfahrung und Wissen sind reichlich vorhanden.\" \/>\n<meta property=\"og:url\" content=\"https:\/\/megatransport.nl\/de\/ueber-uns\/\" \/>\n<meta property=\"og:site_name\" content=\"MEGA Transport\" \/>\n<meta property=\"article:modified_time\" content=\"2024-12-17T09:36:15+00:00\" \/>\n<meta property=\"og:image\" content=\"https:\/\/megatransport.nl\/wp-content\/uploads\/2024\/09\/1714756164854.jpeg\" \/>\n<meta name=\"twitter:card\" content=\"summary_large_image\" \/>\n<meta name=\"twitter:label1\" content=\"Gesch\u00e4tzte Lesezeit\" \/>\n\t<meta name=\"twitter:data1\" content=\"8\u00a0Minuten\" \/>\n<script type=\"application\/ld+json\" class=\"yoast-schema-graph\">{\"@context\":\"https:\/\/schema.org\",\"@graph\":[{\"@type\":\"WebPage\",\"@id\":\"https:\/\/megatransport.nl\/de\/ueber-uns\/\",\"url\":\"https:\/\/megatransport.nl\/de\/ueber-uns\/\",\"name\":\"MEGA Transport | F\u00fcr Spezialtransporte innerhalb Europas\",\"isPartOf\":{\"@id\":\"https:\/\/megatransport.nl\/#website\"},\"primaryImageOfPage\":{\"@id\":\"https:\/\/megatransport.nl\/de\/ueber-uns\/#primaryimage\"},\"image\":{\"@id\":\"https:\/\/megatransport.nl\/de\/ueber-uns\/#primaryimage\"},\"thumbnailUrl\":\"https:\/\/megatransport.nl\/wp-content\/uploads\/2024\/09\/1714756164854.jpeg\",\"datePublished\":\"2024-09-12T08:20:16+00:00\",\"dateModified\":\"2024-12-17T09:36:15+00:00\",\"description\":\"MEGA Transport. MEGA Transport ist ein junges Unternehmen mit einem bescheidenen Team, aber Erfahrung und Wissen sind reichlich vorhanden.\",\"breadcrumb\":{\"@id\":\"https:\/\/megatransport.nl\/de\/ueber-uns\/#breadcrumb\"},\"inLanguage\":\"de\",\"potentialAction\":[{\"@type\":\"ReadAction\",\"target\":[\"https:\/\/megatransport.nl\/de\/ueber-uns\/\"]}]},{\"@type\":\"ImageObject\",\"inLanguage\":\"de\",\"@id\":\"https:\/\/megatransport.nl\/de\/ueber-uns\/#primaryimage\",\"url\":\"https:\/\/megatransport.nl\/wp-content\/uploads\/2024\/09\/1714756164854.jpeg\",\"contentUrl\":\"https:\/\/megatransport.nl\/wp-content\/uploads\/2024\/09\/1714756164854.jpeg\"},{\"@type\":\"BreadcrumbList\",\"@id\":\"https:\/\/megatransport.nl\/de\/ueber-uns\/#breadcrumb\",\"itemListElement\":[{\"@type\":\"ListItem\",\"position\":1,\"name\":\"Home\",\"item\":\"https:\/\/megatransport.nl\/\"},{\"@type\":\"ListItem\",\"position\":2,\"name\":\"\u00dcber uns\"}]},{\"@type\":\"WebSite\",\"@id\":\"https:\/\/megatransport.nl\/#website\",\"url\":\"https:\/\/megatransport.nl\/\",\"name\":\"MEGA Transport\",\"description\":\"\",\"potentialAction\":[{\"@type\":\"SearchAction\",\"target\":{\"@type\":\"EntryPoint\",\"urlTemplate\":\"https:\/\/megatransport.nl\/?s={search_term_string}\"},\"query-input\":{\"@type\":\"PropertyValueSpecification\",\"valueRequired\":true,\"valueName\":\"search_term_string\"}}],\"inLanguage\":\"de\"}]}<\/script>\n<!-- \/ Yoast SEO plugin. -->","yoast_head_json":{"title":"MEGA Transport | F\u00fcr Spezialtransporte innerhalb Europas","description":"MEGA Transport. MEGA Transport ist ein junges Unternehmen mit einem bescheidenen Team, aber Erfahrung und Wissen sind reichlich vorhanden.","robots":{"index":"index","follow":"follow","max-snippet":"max-snippet:-1","max-image-preview":"max-image-preview:large","max-video-preview":"max-video-preview:-1"},"canonical":"https:\/\/megatransport.nl\/de\/ueber-uns\/","og_locale":"de_DE","og_type":"article","og_title":"MEGA Transport | F\u00fcr Spezialtransporte innerhalb Europas","og_description":"MEGA Transport. MEGA Transport ist ein junges Unternehmen mit einem bescheidenen Team, aber Erfahrung und Wissen sind reichlich vorhanden.","og_url":"https:\/\/megatransport.nl\/de\/ueber-uns\/","og_site_name":"MEGA Transport","article_modified_time":"2024-12-17T09:36:15+00:00","og_image":[{"url":"https:\/\/megatransport.nl\/wp-content\/uploads\/2024\/09\/1714756164854.jpeg","type":"","width":"","height":""}],"twitter_card":"summary_large_image","twitter_misc":{"Gesch\u00e4tzte Lesezeit":"8\u00a0Minuten"},"schema":{"@context":"https:\/\/schema.org","@graph":[{"@type":"WebPage","@id":"https:\/\/megatransport.nl\/de\/ueber-uns\/","url":"https:\/\/megatransport.nl\/de\/ueber-uns\/","name":"MEGA Transport | F\u00fcr Spezialtransporte innerhalb Europas","isPartOf":{"@id":"https:\/\/megatransport.nl\/#website"},"primaryImageOfPage":{"@id":"https:\/\/megatransport.nl\/de\/ueber-uns\/#primaryimage"},"image":{"@id":"https:\/\/megatransport.nl\/de\/ueber-uns\/#primaryimage"},"thumbnailUrl":"https:\/\/megatransport.nl\/wp-content\/uploads\/2024\/09\/1714756164854.jpeg","datePublished":"2024-09-12T08:20:16+00:00","dateModified":"2024-12-17T09:36:15+00:00","description":"MEGA Transport. MEGA Transport ist ein junges Unternehmen mit einem bescheidenen Team, aber Erfahrung und Wissen sind reichlich vorhanden.","breadcrumb":{"@id":"https:\/\/megatransport.nl\/de\/ueber-uns\/#breadcrumb"},"inLanguage":"de","potentialAction":[{"@type":"ReadAction","target":["https:\/\/megatransport.nl\/de\/ueber-uns\/"]}]},{"@type":"ImageObject","inLanguage":"de","@id":"https:\/\/megatransport.nl\/de\/ueber-uns\/#primaryimage","url":"https:\/\/megatransport.nl\/wp-content\/uploads\/2024\/09\/1714756164854.jpeg","contentUrl":"https:\/\/megatransport.nl\/wp-content\/uploads\/2024\/09\/1714756164854.jpeg"},{"@type":"BreadcrumbList","@id":"https:\/\/megatransport.nl\/de\/ueber-uns\/#breadcrumb","itemListElement":[{"@type":"ListItem","position":1,"name":"Home","item":"https:\/\/megatransport.nl\/"},{"@type":"ListItem","position":2,"name":"\u00dcber uns"}]},{"@type":"WebSite","@id":"https:\/\/megatransport.nl\/#website","url":"https:\/\/megatransport.nl\/","name":"MEGA Transport","description":"","potentialAction":[{"@type":"SearchAction","target":{"@type":"EntryPoint","urlTemplate":"https:\/\/megatransport.nl\/?s={search_term_string}"},"query-input":{"@type":"PropertyValueSpecification","valueRequired":true,"valueName":"search_term_string"}}],"inLanguage":"de"}]}},"_links":{"self":[{"href":"https:\/\/megatransport.nl\/de\/wp-json\/wp\/v2\/pages\/652","targetHints":{"allow":["GET"]}}],"collection":[{"href":"https:\/\/megatransport.nl\/de\/wp-json\/wp\/v2\/pages"}],"about":[{"href":"https:\/\/megatransport.nl\/de\/wp-json\/wp\/v2\/types\/page"}],"author":[{"embeddable":true,"href":"https:\/\/megatransport.nl\/de\/wp-json\/wp\/v2\/users\/2"}],"replies":[{"embeddable":true,"href":"https:\/\/megatransport.nl\/de\/wp-json\/wp\/v2\/comments?post=652"}],"version-history":[{"count":6,"href":"https:\/\/megatransport.nl\/de\/wp-json\/wp\/v2\/pages\/652\/revisions"}],"predecessor-version":[{"id":859,"href":"https:\/\/megatransport.nl\/de\/wp-json\/wp\/v2\/pages\/652\/revisions\/859"}],"wp:attachment":[{"href":"https:\/\/megatransport.nl\/de\/wp-json\/wp\/v2\/media?parent=652"}],"curies":[{"name":"wp","href":"https:\/\/api.w.org\/{rel}","templated":true}]}}